{"id":6049,"date":"2021-05-03T09:32:43","date_gmt":"2021-05-03T09:32:43","guid":{"rendered":"https:\/\/greengardener.dk\/?page_id=6049"},"modified":"2024-02-02T18:07:49","modified_gmt":"2024-02-02T18:07:49","slug":"referencer","status":"publish","type":"page","link":"https:\/\/greengardener.dk\/en\/referencer\/","title":{"rendered":"References"},"content":{"rendered":"<div data-elementor-type=\"wp-page\" data-elementor-id=\"6049\" class=\"elementor elementor-6049\">\n\t\t\t\t\t\t<section class=\"elementor-section elementor-top-section elementor-element elementor-element-47b2869 elementor-section-boxed elementor-section-height-default elementor-section-height-default\" data-id=\"47b2869\" data-element_type=\"section\">\n\t\t\t\t\t\t<div class=\"elementor-container elementor-column-gap-default\">\n\t\t\t\t\t<div class=\"elementor-column elementor-col-100 elementor-top-column elementor-element elementor-element-5d9c417\" data-id=\"5d9c417\" data-element_type=\"column\">\n\t\t\t<div class=\"elementor-widget-wrap elementor-element-populated\">\n\t\t\t\t\t\t<div class=\"elementor-element elementor-element-682ba46 elementor-widget elementor-widget-heading\" data-id=\"682ba46\" data-element_type=\"widget\" data-widget_type=\"heading.default\">\n\t\t\t\t<div class=\"elementor-widget-container\">\n\t\t\t\t\t<h2 class=\"elementor-heading-title elementor-size-default\">Our Projects\n<\/h2>\t\t\t\t<\/div>\n\t\t\t\t<\/div>\n\t\t\t\t<div class=\"elementor-element elementor-element-3d04c95 elementor-widget elementor-widget-rt-cta\" data-id=\"3d04c95\" data-element_type=\"widget\" data-widget_type=\"rt-cta.default\">\n\t\t\t\t<div class=\"elementor-widget-container\">\n\t\t\t\t\t<div class=\"rt-cta-2 rc-cta-wrapper title-white  rt-has-sub\">\r\n    <div class=\"col-lg-7 col-md-7 col-sm-8 col-xs-12 rtin-cta-left\">\r\n        <div class=\"rtin-cta-text-holder\">\r\n            <h3 class=\"cta-title\">Do you need help with gardening? <\/h3>\r\n            <div class=\"rtin-cta-subtitle\">Contact us today!<\/div>\r\n        <\/div>\r\n    <\/div>\r\n    <div class=\"col-lg-5 col-md-5 col-sm-4 col-xs-12 rtin-cta-right\">\r\n        <div class=\"rtin-phone-holder\">\r\n            <div class=\"rtin-cta-phone-text\">Call us:<\/div>\r\n            <div class=\"rtin-cta-phone-number\">\r\n                <i class=\"fas fa-phone-alt\" aria-hidden=\"true\"><\/i>\r\n                <span>+45 2070 5905<\/span>\r\n            <\/div>\r\n        <\/div>\r\n    <\/div>\r\n<\/div>\t\t\t\t<\/div>\n\t\t\t\t<\/div>\n\t\t\t\t\t<\/div>\n\t\t<\/div>\n\t\t\t\t\t<\/div>\n\t\t<\/section>\n\t\t\t\t<section class=\"elementor-section elementor-top-section elementor-element elementor-element-2369831 elementor-section-boxed elementor-section-height-default elementor-section-height-default\" data-id=\"2369831\" data-element_type=\"section\" data-settings=\"{&quot;background_background&quot;:&quot;classic&quot;}\">\n\t\t\t\t\t\t<div class=\"elementor-container elementor-column-gap-default\">\n\t\t\t\t\t<div class=\"elementor-column elementor-col-33 elementor-top-column elementor-element elementor-element-83ea061\" data-id=\"83ea061\" data-element_type=\"column\">\n\t\t\t<div class=\"elementor-widget-wrap elementor-element-populated\">\n\t\t\t\t\t\t<div class=\"elementor-element elementor-element-10e2226 elementor-widget elementor-widget-rt-counter\" data-id=\"10e2226\" data-element_type=\"widget\" data-widget_type=\"rt-counter.default\">\n\t\t\t\t<div class=\"elementor-widget-container\">\n\t\t\t\t\t<div class=\"rt-vc-counter-3 rt-counter-wrapper\">\r\n    <div class=\"about-counter-list\">\r\n        <div class=\"media\">\r\n            <a href=\"#\" class=\"pull-left icon-wrapper\">\r\n\t\t\t\t<i aria-hidden=\"true\" class=\"fas fa-user-check\"><\/i>            <\/a>\r\n            <div class=\"media-body counter-alignment\">\r\n                <h2 class=\"rt-counter about-counter\"\r\n                    data-num=\"923\"\r\n                    data-rtspeed=\"3000\"\r\n                    data-rtsteps=\"10\"\r\n                >\r\n\t\t\t\t\t923                <\/h2>\r\n                <span class=\"rtin-title\">Happy Clients<\/span>\r\n            <\/div>\r\n        <\/div>\r\n    <\/div>\r\n<\/div>\t\t\t\t<\/div>\n\t\t\t\t<\/div>\n\t\t\t\t\t<\/div>\n\t\t<\/div>\n\t\t\t\t<div class=\"elementor-column elementor-col-33 elementor-top-column elementor-element elementor-element-73f94dc\" data-id=\"73f94dc\" data-element_type=\"column\">\n\t\t\t<div class=\"elementor-widget-wrap elementor-element-populated\">\n\t\t\t\t\t\t<div class=\"elementor-element elementor-element-1443f6e elementor-widget elementor-widget-rt-counter\" data-id=\"1443f6e\" data-element_type=\"widget\" data-widget_type=\"rt-counter.default\">\n\t\t\t\t<div class=\"elementor-widget-container\">\n\t\t\t\t\t<div class=\"rt-vc-counter-3 rt-counter-wrapper\">\r\n    <div class=\"about-counter-list\">\r\n        <div class=\"media\">\r\n            <a href=\"#\" class=\"pull-left icon-wrapper\">\r\n\t\t\t\t<i aria-hidden=\"true\" class=\"fas fa-check-double\"><\/i>            <\/a>\r\n            <div class=\"media-body counter-alignment\">\r\n                <h2 class=\"rt-counter about-counter\"\r\n                    data-num=\"2950\"\r\n                    data-rtspeed=\"3000\"\r\n                    data-rtsteps=\"10\"\r\n                >\r\n\t\t\t\t\t2950                <\/h2>\r\n                <span class=\"rtin-title\">Finished Projects<\/span>\r\n            <\/div>\r\n        <\/div>\r\n    <\/div>\r\n<\/div>\t\t\t\t<\/div>\n\t\t\t\t<\/div>\n\t\t\t\t\t<\/div>\n\t\t<\/div>\n\t\t\t\t<div class=\"elementor-column elementor-col-33 elementor-top-column elementor-element elementor-element-e34d030\" data-id=\"e34d030\" data-element_type=\"column\">\n\t\t\t<div class=\"elementor-widget-wrap elementor-element-populated\">\n\t\t\t\t\t\t<div class=\"elementor-element elementor-element-61a1db2 elementor-widget elementor-widget-rt-counter\" data-id=\"61a1db2\" data-element_type=\"widget\" data-widget_type=\"rt-counter.default\">\n\t\t\t\t<div class=\"elementor-widget-container\">\n\t\t\t\t\t<div class=\"rt-vc-counter-3 rt-counter-wrapper\">\r\n    <div class=\"about-counter-list\">\r\n        <div class=\"media\">\r\n            <a href=\"#\" class=\"pull-left icon-wrapper\">\r\n\t\t\t\t<i aria-hidden=\"true\" class=\"fas fa-user-plus\"><\/i>            <\/a>\r\n            <div class=\"media-body counter-alignment\">\r\n                <h2 class=\"rt-counter about-counter\"\r\n                    data-num=\"10\"\r\n                    data-rtspeed=\"3000\"\r\n                    data-rtsteps=\"10\"\r\n                >\r\n\t\t\t\t\t10                <\/h2>\r\n                <span class=\"rtin-title\">Years in Industry<\/span>\r\n            <\/div>\r\n        <\/div>\r\n    <\/div>\r\n<\/div>\t\t\t\t<\/div>\n\t\t\t\t<\/div>\n\t\t\t\t\t<\/div>\n\t\t<\/div>\n\t\t\t\t\t<\/div>\n\t\t<\/section>\n\t\t\t\t<section class=\"elementor-section elementor-top-section elementor-element elementor-element-593cf6d elementor-section-full_width elementor-section-height-default elementor-section-height-default\" data-id=\"593cf6d\" data-element_type=\"section\">\n\t\t\t\t\t\t<div class=\"elementor-container elementor-column-gap-no\">\n\t\t\t\t\t<div class=\"elementor-column elementor-col-50 elementor-top-column elementor-element elementor-element-e5fdb6d\" data-id=\"e5fdb6d\" data-element_type=\"column\">\n\t\t\t<div class=\"elementor-widget-wrap elementor-element-populated\">\n\t\t\t\t\t\t<div class=\"elementor-element elementor-element-83267a7 elementor-widget elementor-widget-rt-title\" data-id=\"83267a7\" data-element_type=\"widget\" data-widget_type=\"rt-title.default\">\n\t\t\t\t<div class=\"elementor-widget-container\">\n\t\t\t\t\t\n<div class=\"section-heading style-1 left rt-vc-title-2\" style=\"text-align:left\">\n\t\n\t        <h2 class=\"rt-section-title-vc heading-title\">Are you Looking for an Experienced Gardener?<\/h2>\n\t\n\t        <div class=\"rt-section-sub-title-vc heading-subtitle\"><p>We maintain and look after gardens and outdoor areas year-round for private individuals, associations, businesses, and public institutions.<\/p><p>Consistency and positive customer relationships are a result of thorough efforts and high quality work. Contact us and get your offer!<\/p><p>Get a quote today!<\/p><\/div>\n\t<\/div>\n\t\t\t\t<\/div>\n\t\t\t\t<\/div>\n\t\t\t\t<div class=\"elementor-element elementor-element-68fd101 elementor-widget elementor-widget-rt-text-with-btn\" data-id=\"68fd101\" data-element_type=\"widget\" data-widget_type=\"rt-text-with-btn.default\">\n\t\t\t\t<div class=\"elementor-widget-container\">\n\t\t\t\t\t\n<div class=\"rt-text-with-btn rt-text-with-btn-wrapper\">\n    <div class=\"data-area\">\n\n\t\t\n\t        <div class='description'>\n\t\t\t<ul>\n \t<li>We respond to all inquiries within 24 hours.<\/li>\n \t<li>Get a quote for your gardening work today!<\/li>\n<\/ul>        <\/div>\n\t\n\t\n<\/div>\n<\/div>\n\t\t\t\t<\/div>\n\t\t\t\t<\/div>\n\t\t\t\t\t<\/div>\n\t\t<\/div>\n\t\t\t\t<div class=\"elementor-column elementor-col-50 elementor-top-column elementor-element elementor-element-4b9e134 con-home-6 greenova-primary-bgcolor\" data-id=\"4b9e134\" data-element_type=\"column\" id=\"kontakt\">\n\t\t\t<div class=\"elementor-widget-wrap elementor-element-populated\">\n\t\t\t\t\t\t<div class=\"elementor-element elementor-element-0e9a4c5 elementor-widget elementor-widget-heading\" data-id=\"0e9a4c5\" data-element_type=\"widget\" data-widget_type=\"heading.default\">\n\t\t\t\t<div class=\"elementor-widget-container\">\n\t\t\t\t\t<h2 class=\"elementor-heading-title elementor-size-default\">Contact Us!<\/h2>\t\t\t\t<\/div>\n\t\t\t\t<\/div>\n\t\t\t\t\t<\/div>\n\t\t<\/div>\n\t\t\t\t\t<\/div>\n\t\t<\/section>\n\t\t\t\t<\/div>","protected":false},"excerpt":{"rendered":"<p>Vores Referencer Har du brug for hj\u00e6lp til havearbejde? Kontakt os venligst! Ring til os: +45 2070 5905 923 Glade Kunder 2950 Projekter Udf\u00f8rt 10 \u00c5r i Industrien S\u00f8ger du en Erfaren Anl\u00e6gsgartner? Vi skaber og vedligeholder haver og udend\u00f8rsomr\u00e5der \u00e5ret rundt for private, foreninger, virksomheder og offentlige institutioner. De vedvarende positive kundeforhold skyldes grundig [&hellip;]<\/p>\n","protected":false},"author":1,"featured_media":0,"parent":0,"menu_order":0,"comment_status":"closed","ping_status":"closed","template":"elementor_header_footer","meta":{"footnotes":""},"yoast_head":"<!-- This site is optimized with the Yoast SEO plugin v23.5 - https:\/\/yoast.com\/wordpress\/plugins\/seo\/ -->\n<title>Referencer - Green Gardener<\/title>\n<meta name=\"robots\" content=\"index, follow, max-snippet:-1, max-image-preview:large, max-video-preview:-1\" \/>\n<link rel=\"canonical\" href=\"https:\/\/greengardener.dk\/en\/referencer\/\" \/>\n<meta property=\"og:locale\" content=\"en_GB\" \/>\n<meta property=\"og:type\" content=\"article\" \/>\n<meta property=\"og:title\" content=\"Referencer - Green Gardener\" \/>\n<meta property=\"og:description\" content=\"Vores Referencer Har du brug for hj\u00e6lp til havearbejde? Kontakt os venligst! Ring til os: +45 2070 5905 923 Glade Kunder 2950 Projekter Udf\u00f8rt 10 \u00c5r i Industrien S\u00f8ger du en Erfaren Anl\u00e6gsgartner? Vi skaber og vedligeholder haver og udend\u00f8rsomr\u00e5der \u00e5ret rundt for private, foreninger, virksomheder og offentlige institutioner. De vedvarende positive kundeforhold skyldes grundig [&hellip;]\" \/>\n<meta property=\"og:url\" content=\"https:\/\/greengardener.dk\/en\/referencer\/\" \/>\n<meta property=\"og:site_name\" content=\"Green Gardener\" \/>\n<meta property=\"article:modified_time\" content=\"2024-02-02T18:07:49+00:00\" \/>\n<meta name=\"twitter:card\" content=\"summary_large_image\" \/>\n<meta name=\"twitter:label1\" content=\"Estimated reading time\" \/>\n\t<meta name=\"twitter:data1\" content=\"1 minute\" \/>\n<script type=\"application\/ld+json\" class=\"yoast-schema-graph\">{\"@context\":\"https:\/\/schema.org\",\"@graph\":[{\"@type\":\"WebPage\",\"@id\":\"https:\/\/greengardener.dk\/referencer\/\",\"url\":\"https:\/\/greengardener.dk\/referencer\/\",\"name\":\"Referencer - Green Gardener\",\"isPartOf\":{\"@id\":\"https:\/\/greengardener.dk\/#website\"},\"datePublished\":\"2021-05-03T09:32:43+00:00\",\"dateModified\":\"2024-02-02T18:07:49+00:00\",\"breadcrumb\":{\"@id\":\"https:\/\/greengardener.dk\/referencer\/#breadcrumb\"},\"inLanguage\":\"en-GB\",\"potentialAction\":[{\"@type\":\"ReadAction\",\"target\":[\"https:\/\/greengardener.dk\/referencer\/\"]}]},{\"@type\":\"BreadcrumbList\",\"@id\":\"https:\/\/greengardener.dk\/referencer\/#breadcrumb\",\"itemListElement\":[{\"@type\":\"ListItem\",\"position\":1,\"name\":\"Home\",\"item\":\"https:\/\/greengardener.dk\/\"},{\"@type\":\"ListItem\",\"position\":2,\"name\":\"Referencer\"}]},{\"@type\":\"WebSite\",\"@id\":\"https:\/\/greengardener.dk\/#website\",\"url\":\"https:\/\/greengardener.dk\/\",\"name\":\"GREENGADENER HAVESERVICE - HAVEMAND I \u00c5RHUS OG OMEGN\",\"description\":\"\",\"publisher\":{\"@id\":\"https:\/\/greengardener.dk\/#organization\"},\"potentialAction\":[{\"@type\":\"SearchAction\",\"target\":{\"@type\":\"EntryPoint\",\"urlTemplate\":\"https:\/\/greengardener.dk\/?s={search_term_string}\"},\"query-input\":{\"@type\":\"PropertyValueSpecification\",\"valueRequired\":true,\"valueName\":\"search_term_string\"}}],\"inLanguage\":\"en-GB\"},{\"@type\":\"Organization\",\"@id\":\"https:\/\/greengardener.dk\/#organization\",\"name\":\"Green Gardener\",\"url\":\"https:\/\/greengardener.dk\/\",\"logo\":{\"@type\":\"ImageObject\",\"inLanguage\":\"en-GB\",\"@id\":\"https:\/\/greengardener.dk\/#\/schema\/logo\/image\/\",\"url\":\"https:\/\/greengardener.dk\/wp-content\/uploads\/2018\/08\/logo-dark.png\",\"contentUrl\":\"https:\/\/greengardener.dk\/wp-content\/uploads\/2018\/08\/logo-dark.png\",\"width\":211,\"height\":58,\"caption\":\"Green Gardener\"},\"image\":{\"@id\":\"https:\/\/greengardener.dk\/#\/schema\/logo\/image\/\"}}]}<\/script>\n<!-- \/ Yoast SEO plugin. -->","yoast_head_json":{"title":"Referencer - Green Gardener","robots":{"index":"index","follow":"follow","max-snippet":"max-snippet:-1","max-image-preview":"max-image-preview:large","max-video-preview":"max-video-preview:-1"},"canonical":"https:\/\/greengardener.dk\/en\/referencer\/","og_locale":"en_GB","og_type":"article","og_title":"Referencer - Green Gardener","og_description":"Vores Referencer Har du brug for hj\u00e6lp til havearbejde? Kontakt os venligst! Ring til os: +45 2070 5905 923 Glade Kunder 2950 Projekter Udf\u00f8rt 10 \u00c5r i Industrien S\u00f8ger du en Erfaren Anl\u00e6gsgartner? Vi skaber og vedligeholder haver og udend\u00f8rsomr\u00e5der \u00e5ret rundt for private, foreninger, virksomheder og offentlige institutioner. De vedvarende positive kundeforhold skyldes grundig [&hellip;]","og_url":"https:\/\/greengardener.dk\/en\/referencer\/","og_site_name":"Green Gardener","article_modified_time":"2024-02-02T18:07:49+00:00","twitter_card":"summary_large_image","twitter_misc":{"Estimated reading time":"1 minute"},"schema":{"@context":"https:\/\/schema.org","@graph":[{"@type":"WebPage","@id":"https:\/\/greengardener.dk\/referencer\/","url":"https:\/\/greengardener.dk\/referencer\/","name":"Referencer - Green Gardener","isPartOf":{"@id":"https:\/\/greengardener.dk\/#website"},"datePublished":"2021-05-03T09:32:43+00:00","dateModified":"2024-02-02T18:07:49+00:00","breadcrumb":{"@id":"https:\/\/greengardener.dk\/referencer\/#breadcrumb"},"inLanguage":"en-GB","potentialAction":[{"@type":"ReadAction","target":["https:\/\/greengardener.dk\/referencer\/"]}]},{"@type":"BreadcrumbList","@id":"https:\/\/greengardener.dk\/referencer\/#breadcrumb","itemListElement":[{"@type":"ListItem","position":1,"name":"Home","item":"https:\/\/greengardener.dk\/"},{"@type":"ListItem","position":2,"name":"Referencer"}]},{"@type":"WebSite","@id":"https:\/\/greengardener.dk\/#website","url":"https:\/\/greengardener.dk\/","name":"GREENGADENER HAVESERVICE - HAVEMAND I \u00c5RHUS OG OMEGN","description":"","publisher":{"@id":"https:\/\/greengardener.dk\/#organization"},"potentialAction":[{"@type":"SearchAction","target":{"@type":"EntryPoint","urlTemplate":"https:\/\/greengardener.dk\/?s={search_term_string}"},"query-input":{"@type":"PropertyValueSpecification","valueRequired":true,"valueName":"search_term_string"}}],"inLanguage":"en-GB"},{"@type":"Organization","@id":"https:\/\/greengardener.dk\/#organization","name":"Green Gardener","url":"https:\/\/greengardener.dk\/","logo":{"@type":"ImageObject","inLanguage":"en-GB","@id":"https:\/\/greengardener.dk\/#\/schema\/logo\/image\/","url":"https:\/\/greengardener.dk\/wp-content\/uploads\/2018\/08\/logo-dark.png","contentUrl":"https:\/\/greengardener.dk\/wp-content\/uploads\/2018\/08\/logo-dark.png","width":211,"height":58,"caption":"Green Gardener"},"image":{"@id":"https:\/\/greengardener.dk\/#\/schema\/logo\/image\/"}}]}},"_links":{"self":[{"href":"https:\/\/greengardener.dk\/en\/wp-json\/wp\/v2\/pages\/6049"}],"collection":[{"href":"https:\/\/greengardener.dk\/en\/wp-json\/wp\/v2\/pages"}],"about":[{"href":"https:\/\/greengardener.dk\/en\/wp-json\/wp\/v2\/types\/page"}],"author":[{"embeddable":true,"href":"https:\/\/greengardener.dk\/en\/wp-json\/wp\/v2\/users\/1"}],"replies":[{"embeddable":true,"href":"https:\/\/greengardener.dk\/en\/wp-json\/wp\/v2\/comments?post=6049"}],"version-history":[{"count":18,"href":"https:\/\/greengardener.dk\/en\/wp-json\/wp\/v2\/pages\/6049\/revisions"}],"predecessor-version":[{"id":8104,"href":"https:\/\/greengardener.dk\/en\/wp-json\/wp\/v2\/pages\/6049\/revisions\/8104"}],"wp:attachment":[{"href":"https:\/\/greengardener.dk\/en\/wp-json\/wp\/v2\/media?parent=6049"}],"curies":[{"name":"wp","href":"https:\/\/api.w.org\/{rel}","templated":true}]}}